{"id":23,"date":"2018-06-05T16:11:20","date_gmt":"2018-06-05T22:11:20","guid":{"rendered":"https:\/\/www.oisarh.com.mx\/?page_id=23"},"modified":"2018-06-13T11:27:30","modified_gmt":"2018-06-13T17:27:30","slug":"servicios","status":"publish","type":"page","link":"https:\/\/www.oisarh.com.mx\/?page_id=23","title":{"rendered":"Servicios"},"content":{"rendered":"<h3>Soluciones Legales<\/h3>\n<p>\t\t\t\t<img loading=\"lazy\" src=\"https:\/\/www.oisarh.com.mx\/wp-content\/uploads\/2018\/06\/asesoria-laboralc-e1528753390229.png\" alt=\"asesoria-laboralc\" itemprop=\"image\" height=\"120\" width=\"120\" title=\"asesoria-laboralc\"  \/><\/p>\n<p><strong>ADMINISTRACI\u00d3N DE SINDICATOS<\/strong><\/p>\n<p>&nbsp;<\/p>\n<p>\t\t\t\t<img loading=\"lazy\" src=\"https:\/\/www.oisarh.com.mx\/wp-content\/uploads\/2018\/06\/alianza_icon.png\" alt=\"alianza_icon\" itemprop=\"image\" height=\"120\" width=\"120\" title=\"alianza_icon\"  \/><\/p>\n<p><strong>ATENCI\u00d3N Y RESOLUCI\u00d3N DE CONFLICTOS LABORALES EN JUNTAS LOCALES Y FEDERALES DE CONCILIACI\u00d3N Y ARBITRAJE.<\/strong><\/p>\n<p>\t\t\t\t<img loading=\"lazy\" src=\"https:\/\/www.oisarh.com.mx\/wp-content\/uploads\/2018\/06\/expediente_icon.png\" alt=\"expediente_icon\" itemprop=\"image\" height=\"120\" width=\"120\" title=\"expediente_icon\"  \/><\/p>\n<p><b>INTEGRACI\u00d3N<\/b><strong>\u00a0DE EXPEDIENTES LABORALES.\u00a0<\/strong><\/p>\n<p>\t\t\t\t<img loading=\"lazy\" src=\"https:\/\/www.oisarh.com.mx\/wp-content\/uploads\/2018\/06\/asesoria_icon.png\" alt=\"asesoria_icon\" itemprop=\"image\" height=\"120\" width=\"120\" title=\"asesoria_icon\"  \/><\/p>\n<p><strong>ASESOR\u00cdA EN EL CONTROL Y ADMINISTRACI\u00d3N DE PERSONAL.<\/strong><\/p>\n<p>\t\t\t\t<img loading=\"lazy\" src=\"https:\/\/www.oisarh.com.mx\/wp-content\/uploads\/2018\/06\/rmexicana_icon.png\" alt=\"rmexicana_icon\" itemprop=\"image\" height=\"120\" width=\"120\" title=\"rmexicana_icon\"  \/><\/p>\n<p><strong>SOLUCI\u00d3N LEGAL EN TODAS LAS ENTIDADES REQUERIDAS ANTE CUALQUIER AUTORIDAD.<\/strong><\/p>\n<h3>Soluciones Fiscales<\/h3>\n<p>\t\t\t\t<img loading=\"lazy\" src=\"https:\/\/www.oisarh.com.mx\/wp-content\/uploads\/2018\/06\/planeacion_icon.png\" alt=\"planeacion_icon\" itemprop=\"image\" height=\"120\" width=\"120\" title=\"planeacion_icon\"  \/><\/p>\n<p><strong>PLANEACI\u00d3N FISCAL.<\/strong><\/p>\n<p>\t\t\t\t<img loading=\"lazy\" src=\"https:\/\/www.oisarh.com.mx\/wp-content\/uploads\/2018\/06\/impuestos_icon.png\" alt=\"impuestos_icon\" itemprop=\"image\" height=\"120\" width=\"120\" title=\"impuestos_icon\"  \/><\/p>\n<p><strong>DEVOLUCI\u00d3N DE IMPUESTOS FEDERALES.<\/strong><\/p>\n<p>\t\t\t\t<img loading=\"lazy\" src=\"https:\/\/www.oisarh.com.mx\/wp-content\/uploads\/2018\/06\/alianza_icon.png\" alt=\"alianza_icon\" itemprop=\"image\" height=\"120\" width=\"120\" title=\"alianza_icon\"  \/><\/p>\n<p><strong>LIQUIDACI\u00d3N DE SOCIEDADES MERCANTILES.<\/strong><\/p>\n<p>\t\t\t\t<img loading=\"lazy\" src=\"https:\/\/www.oisarh.com.mx\/wp-content\/uploads\/2018\/06\/SAT_icon.png\" alt=\"SAT_icon\" itemprop=\"image\" height=\"120\" width=\"120\" title=\"SAT_icon\"  \/><\/p>\n<p><strong>ATENCI\u00d3N DE AUTORIDADES EMITIDAS (SAT, IMSS, SRIA. FINANZAS).<\/strong><\/p>\n<p>\t\t\t\t<img loading=\"lazy\" src=\"https:\/\/www.oisarh.com.mx\/wp-content\/uploads\/2018\/06\/TAX_icon.png\" alt=\"TAX_icon\" itemprop=\"image\" height=\"120\" width=\"120\" title=\"TAX_icon\"  \/><\/p>\n<p><strong>C\u00c1LCULO Y DETERMINACI\u00d3N DE IMPUESTOS FEDERALES Y ESTATALES.<\/strong><\/p>\n<h3>Soluciones Contables<\/h3>\n<p>\t\t\t\t<img loading=\"lazy\" src=\"https:\/\/www.oisarh.com.mx\/wp-content\/uploads\/2018\/06\/conta_icon.png\" alt=\"conta_icon\" itemprop=\"image\" height=\"120\" width=\"120\" title=\"conta_icon\"  \/><\/p>\n<p><strong>CONTABILIDAD GENERAL.<\/strong><\/p>\n<p>\t\t\t\t<img loading=\"lazy\" src=\"https:\/\/www.oisarh.com.mx\/wp-content\/uploads\/2018\/06\/estadofinanciero_icon.png\" alt=\"estadofinanciero_icon\" itemprop=\"image\" height=\"120\" width=\"120\" title=\"estadofinanciero_icon\"  \/><\/p>\n<p><strong>ELABORACI\u00d3N DE ESTADOS FINANCIEROS.<\/strong><\/p>\n<p>\t\t\t\t<img loading=\"lazy\" src=\"https:\/\/www.oisarh.com.mx\/wp-content\/uploads\/2018\/06\/auditoria_icon.png\" alt=\"auditoria_icon\" itemprop=\"image\" height=\"120\" width=\"120\" title=\"auditoria_icon\"  \/><\/p>\n<p><strong>REALIZACI\u00d3N DE AUDITORIAS INTERNAS.<\/strong><\/p>\n<h3>Soluciones Administrativas<\/h3>\n<p>\t\t\t\t<img loading=\"lazy\" src=\"https:\/\/www.oisarh.com.mx\/wp-content\/uploads\/2018\/06\/NOI_icon.png\" alt=\"NOI_icon\" itemprop=\"image\" height=\"120\" width=\"120\" title=\"NOI_icon\"  \/><\/p>\n<p><strong>MAQUILA Y C\u00c1LCULO DE N\u00d3MINA.<\/strong><\/p>\n<p>\t\t\t\t<img loading=\"lazy\" src=\"https:\/\/www.oisarh.com.mx\/wp-content\/uploads\/2018\/06\/SEGURO-SOCIAL_icon.png\" alt=\"SEGURO SOCIAL_icon\" itemprop=\"image\" height=\"120\" width=\"120\" title=\"SEGURO SOCIAL_icon\"  \/><\/p>\n<p><strong>C\u00c1LCULO Y REVISI\u00d3N DE CARGA SOCIAL.<\/strong><\/p>\n<p>\t\t\t\t<img loading=\"lazy\" src=\"https:\/\/www.oisarh.com.mx\/wp-content\/uploads\/2018\/06\/SEGURO-SOCIAL_icon2.png\" alt=\"SEGURO SOCIAL_icon2\" itemprop=\"image\" height=\"120\" width=\"120\" title=\"SEGURO SOCIAL_icon2\"  \/><\/p>\n<p><strong>ELABORACI\u00d3N DE ALTAS, BAJAS Y MODIFICACIONES SALARIALES ANTE EL IMSS.<\/strong><\/p>\n<p>\t\t\t\t<img loading=\"lazy\" src=\"https:\/\/www.oisarh.com.mx\/wp-content\/uploads\/2018\/06\/pago_icon2.png\" alt=\"pago_icon2\" itemprop=\"image\" height=\"120\" width=\"120\" title=\"pago_icon2\"  \/><\/p>\n<p><strong>PROGRAMACI\u00d3N Y DISPERSI\u00d3N DE N\u00d3MINAS.<\/strong><\/p>\n<p>\t\t\t\t<img loading=\"lazy\" src=\"https:\/\/www.oisarh.com.mx\/wp-content\/uploads\/2018\/06\/TARJETA_icon2.png\" alt=\"TARJETA_icon2\" itemprop=\"image\" height=\"120\" width=\"120\" title=\"TARJETA_icon2\"  \/><\/p>\n<p><strong>APERTURA DE CUENTAS, REPOSICI\u00d3N Y ENTREGA DE TARJETAS ELECTR\u00d3NICAS DE N\u00d3MINA.\u00a0<\/strong><\/p>\n<p>\t\t\t\t<img loading=\"lazy\" src=\"https:\/\/www.oisarh.com.mx\/wp-content\/uploads\/2018\/06\/RECIBOELECTRONICO_icon2.png\" alt=\"RECIBOELECTRONICO_icon2\" itemprop=\"image\" height=\"120\" width=\"120\" title=\"RECIBOELECTRONICO_icon2\"  \/><\/p>\n<p><strong>EMISI\u00d3N DE RECIBOS ELECTR\u00d3NICOS.<\/strong><\/p>\n<h5>\u00bfTe gustar\u00eda saber m\u00e1s de lo que podemos hacer por ti?<\/h5>\n<p>\t\t\t\t<a href=\"https:\/\/www.oisarh.com.mx\/?page_id=69\" target=\"_self\" itemprop=\"url\"><br \/>\n\t\t\t\t<img loading=\"lazy\" src=\"https:\/\/www.oisarh.com.mx\/wp-content\/uploads\/2018\/06\/btn_contactanos.png\" alt=\"btn_contactanos\" itemprop=\"image\" height=\"50\" width=\"120\" title=\"btn_contactanos\"  \/><br \/>\n\t\t\t\t<\/a><\/p>\n","protected":false},"excerpt":{"rendered":"<p>Soluciones Legales ADMINISTRACI\u00d3N DE SINDICATOS &nbsp; ATENCI\u00d3N Y RESOLUCI\u00d3N DE CONFLICTOS LABORALES [&hellip;]<\/p>\n","protected":false},"author":1,"featured_media":0,"parent":0,"menu_order":0,"comment_status":"closed","ping_status":"closed","template":"page-templates\/page_fullwidth.php","meta":[],"_links":{"self":[{"href":"https:\/\/www.oisarh.com.mx\/index.php?rest_route=\/wp\/v2\/pages\/23"}],"collection":[{"href":"https:\/\/www.oisarh.com.mx\/index.php?rest_route=\/wp\/v2\/pages"}],"about":[{"href":"https:\/\/www.oisarh.com.mx\/index.php?rest_route=\/wp\/v2\/types\/page"}],"author":[{"embeddable":true,"href":"https:\/\/www.oisarh.com.mx\/index.php?rest_route=\/wp\/v2\/users\/1"}],"replies":[{"embeddable":true,"href":"https:\/\/www.oisarh.com.mx\/index.php?rest_route=%2Fwp%2Fv2%2Fcomments&post=23"}],"version-history":[{"count":8,"href":"https:\/\/www.oisarh.com.mx\/index.php?rest_route=\/wp\/v2\/pages\/23\/revisions"}],"predecessor-version":[{"id":123,"href":"https:\/\/www.oisarh.com.mx\/index.php?rest_route=\/wp\/v2\/pages\/23\/revisions\/123"}],"wp:attachment":[{"href":"https:\/\/www.oisarh.com.mx\/index.php?rest_route=%2Fwp%2Fv2%2Fmedia&parent=23"}],"curies":[{"name":"wp","href":"https:\/\/api.w.org\/{rel}","templated":true}]}}