{"id":21,"date":"2018-06-05T16:10:57","date_gmt":"2018-06-05T22:10:57","guid":{"rendered":"https:\/\/www.oisarh.com.mx\/?page_id=21"},"modified":"2018-06-13T11:39:00","modified_gmt":"2018-06-13T17:39:00","slug":"nosotros","status":"publish","type":"page","link":"https:\/\/www.oisarh.com.mx\/?page_id=21","title":{"rendered":"Somos OISA"},"content":{"rendered":"<p>\t\t\t\t<img loading=\"lazy\" src=\"https:\/\/www.oisarh.com.mx\/wp-content\/uploads\/2018\/06\/somos-oisa.png\" alt=\"somos oisa\" itemprop=\"image\" height=\"500\" width=\"1625\" title=\"somos oisa\"  \/><\/p>\n<h4>Ayudamos a personas como usted, proporcionando asesor\u00eda legal, fiscal, financiera, contable y administrativa, ofreciendo soluciones integrales dise\u00f1adas para cada tipo de empresa.<\/h4>\n<h3>Nuestro Prop\u00f3sito<\/h3>\n<h5>Ofrecerte apoyo humano para atender cada una de las necesidades de tu empresa con el objetivo de encontrar la mejor soluci\u00f3n a tus inquietudes ayud\u00e1ndote as\u00ed a alcanzar el \u00e9xito enfocandote al giro principal de tu negocio.<\/h5>\n<p>&nbsp;<\/p>\n<p>&nbsp;<\/p>\n<p>\t\t\t\t<img loading=\"lazy\" src=\"https:\/\/www.oisarh.com.mx\/wp-content\/uploads\/2018\/06\/images.jpg\" alt=\"images\" itemprop=\"image\" height=\"181\" width=\"278\" title=\"images\"  \/><\/p>\n<h3>Nuestros Valores<\/h3>\n<h5>Son las raices que nos conducen, nos identifican y consolidan; trabajamos bajo la confianza, la responsabilidad, lealtad y respeto en los negocios.<\/h5>\n<h5>En OISA dise\u00f1amos un conjunto de m\u00f3dulos para hacer m\u00e1s productiva tu empresa.<\/h5>\n<p>\t\t\t\t<a href=\"https:\/\/www.oisarh.com.mx\/?page_id=23\" target=\"_self\" itemprop=\"url\"><br \/>\n\t\t\t\t<img loading=\"lazy\" src=\"https:\/\/www.oisarh.com.mx\/wp-content\/uploads\/2018\/06\/btn_conocelos.png\" alt=\"btn_conocelos\" itemprop=\"image\" height=\"50\" width=\"120\" title=\"btn_conocelos\"  \/><br \/>\n\t\t\t\t<\/a><\/p>\n","protected":false},"excerpt":{"rendered":"<p>Ayudamos a personas como usted, proporcionando asesor\u00eda legal, fiscal, financiera, contable y [&hellip;]<\/p>\n","protected":false},"author":1,"featured_media":0,"parent":0,"menu_order":0,"comment_status":"closed","ping_status":"closed","template":"page-templates\/page_fullwidth.php","meta":[],"_links":{"self":[{"href":"https:\/\/www.oisarh.com.mx\/index.php?rest_route=\/wp\/v2\/pages\/21"}],"collection":[{"href":"https:\/\/www.oisarh.com.mx\/index.php?rest_route=\/wp\/v2\/pages"}],"about":[{"href":"https:\/\/www.oisarh.com.mx\/index.php?rest_route=\/wp\/v2\/types\/page"}],"author":[{"embeddable":true,"href":"https:\/\/www.oisarh.com.mx\/index.php?rest_route=\/wp\/v2\/users\/1"}],"replies":[{"embeddable":true,"href":"https:\/\/www.oisarh.com.mx\/index.php?rest_route=%2Fwp%2Fv2%2Fcomments&post=21"}],"version-history":[{"count":7,"href":"https:\/\/www.oisarh.com.mx\/index.php?rest_route=\/wp\/v2\/pages\/21\/revisions"}],"predecessor-version":[{"id":125,"href":"https:\/\/www.oisarh.com.mx\/index.php?rest_route=\/wp\/v2\/pages\/21\/revisions\/125"}],"wp:attachment":[{"href":"https:\/\/www.oisarh.com.mx\/index.php?rest_route=%2Fwp%2Fv2%2Fmedia&parent=21"}],"curies":[{"name":"wp","href":"https:\/\/api.w.org\/{rel}","templated":true}]}}